{"id":111345,"date":"2026-02-23T14:36:15","date_gmt":"2026-02-23T12:36:15","guid":{"rendered":"https:\/\/doktorvolt.pl\/sklep\/uncategorized\/rozdzielnica-budowlana-63a-32a-16a-cee-2x230v-ext-s-fi-schuko-z-zabezpieczeniami-gniazda-mennekes-doktorvolt-dv-0847-d\/"},"modified":"2026-02-23T14:36:15","modified_gmt":"2026-02-23T12:36:15","slug":"rozdzielnica-budowlana-63a-32a-16a-cee-2x230v-ext-s-fi-schuko-z-zabezpieczeniami-gniazda-mennekes-doktorvolt-dv-0847-d","status":"publish","type":"product","link":"https:\/\/doktorvolt.pl\/en\/oferta-doktorvolt\/distribution-boxes\/ext-series\/rozdzielnica-budowlana-63a-32a-16a-cee-2x230v-ext-s-fi-schuko-z-zabezpieczeniami-gniazda-mennekes-doktorvolt-dv-0847-d\/","title":{"rendered":"Rozdzielnica budowlana 63A 32A 16A CEE 2x230V eXT-S\/FI Schuko z zabezpieczeniami gniazda Mennekes Doktorvolt DV-0847-D"},"content":{"rendered":"<link rel=\"stylesheet\" href=\"https:\/\/preis-zone.com\/data\/include\/cms\/1.-style-css\/style_dlugi_DV.css?v=1744613556021\">\n<p><!-- GPT: Wype\u0142nij tylko placeholdery {{Tytul}} oraz {{Opis1}}. Nie zmieniaj styl\u00f3w ani uk\u0142adu. --><br \/>\n<!-- Nag\u0142\u00f3wek g\u0142\u00f3wny strony --><\/p>\n<h1 class=\"title-h1\"><span>Rozdzielnica budowlana eXT-S\/FI z zabezpieczeniami 63A 32A 16A 2x230V Schuko Mennekes Doktorvolt<\/span><\/h1>\n<h4 class=\"title-h4\"><span>Zabezpieczona rozdzielnica budowlana serii eXT marki Doktorvolt. Wyposa\u017cona w gniazda si\u0142owe 63A 32A 16A oraz dwa gniazda 230V. Posiada zabezpieczenia nadpr\u0105dowe oraz wy\u0142\u0105cznik r\u00f3\u017cnicowopr\u0105dowy.<\/span><\/h4>\n<div><img decoding=\"async\" class=\"full-width-img\" src=\"https:\/\/shop38554-1.yourtechnicaldomain.com\/data\/include\/cms\/1-zdjecia-produktow\/DOKTORVOLT\/DV-4995-EV\/ikonka_zielona_z_literka_D_biala.png?v=1729773346118\" border=\"0\" width=\"1900\" height=\"30\"><\/div>\n<p><!-- GPT: Pierwsza sekcja tre\u015bci. Wype\u0142nij tylko {{Podtytul1}} oraz {{Podopis1}}. Nie zmieniaj uk\u0142adu, nie modyfikuj obrazka. --><\/p>\n<div class=\"section-wrapper\">\n<div class=\"section-text\">\n<div class=\"max-width-500\">\n<h2 class=\"section-heading\"><strong>Wysoka jako\u015bc wykonania<\/strong><\/h2>\n<\/p><\/div>\n<div class=\"section-description\"><span>Prezentowana <strong>rozdzielnica budowlana DV-0847-D<\/strong> zosta\u0142a wykonana z wysokiej jako\u015bci tworzywa sztucznego. Obudowa rozdzielnicy posiada <strong>26 modu\u0142\u00f3w<\/strong> umieszczonych w dw\u00f3ch rz\u0119dach, zabezpieczonych okienkami rewizyjnymi, co pozwala na monta\u017c dodatkowej aparatury modu\u0142owej. Rozdzielnica w szaro-czarnym o wymiarach <strong>535mm x 290mm x 215mm<\/strong> i stopniu ochrony <strong>IP44<\/strong> \u015bwietnie sprawdzi si\u0119 w ka\u017cdych warunkach.<\/span><\/div>\n<\/p><\/div>\n<div><img decoding=\"async\" src=\"https:\/\/preis-zone.pl\/data\/include\/cms\/1-zdjecia-produktow\/DOKTORVOLT\/DV-0847-D\/DV-0847-D_2.jpg?v=1756289397789\" width=\"472\" height=\"472\" class=\"img-responsive\"><\/div>\n<\/div>\n<div><img decoding=\"async\" class=\"full-width-img\" src=\"https:\/\/shop38554-1.yourtechnicaldomain.com\/data\/include\/cms\/1-zdjecia-produktow\/DOKTORVOLT\/DV-4995-EV\/ikonka_zielona_z_literka_D_biala.png?v=1729773346118\" border=\"0\" width=\"1900\" height=\"30\"><\/div>\n<p><!-- GPT: Druga sekcja tre\u015bci z wideo. Wype\u0142nij tylko {{Podtytul2}} oraz {{Podopis2}}. Nie zmieniaj uk\u0142adu, nie modyfikuj wideo. --><\/p>\n<div class=\"section-wrapper\">\n<div>\n<video class=\"video-custom\" width=\"400\" height=\"400\" src=\"https:\/\/preis-zone.pl\/data\/include\/cms\/1-zdjecia-produktow\/DOKTORVOLT\/DV-0847-D\/DV-0847-D_v.mp4?v=1756289397787\" type=\"video\/mp4\" controls autoplay muted loop controlsList=\"nodownload\"><\/video>\n<\/div>\n<div class=\"section-text max-width-500\">\n<h2 class=\"section-heading\"><strong>Niezawodno\u015b\u0107 i bezpiecze\u0144stwo u\u017cytkowania<\/strong><\/h2>\n<div class=\"section-description\"><span>Atutem <strong>rozdzielnicy budowlanej Doktorvolt<\/strong> s\u0105 gniazda i zabezpieczenia <strong>renomowanych europejskich marek<\/strong>. Rozdzielnica posiada 4 rodzaje gniazd elektrycznych marki Mennekes. <strong>Dwa gniazda 16A 230V Schuko<\/strong> oraz <strong>gniazda si\u0142owe 1x 400V 16A, 1x 400V 32A, 1x 400V 63A<\/strong>. Ponadto, gniazda 230V zabezpieczone s\u0105 wy\u0142\u0105cznikami nadpr\u0105dowymi <strong>2x C16A 10kA 1P<\/strong>, a gniazda si\u0142owe <strong>1x C63A 10kA 3P, 1x C32A 10kA 3P, 1x C16A 10kA 3P<\/strong> co gwarantuje bezpieczne u\u017cytkowanie. W sk\u0142ad rozdzielnicy wchodzi r\u00f3wnie\u017c <strong>wy\u0142\u0105cznik r\u00f3\u017cnicowopr\u0105dowy 63A 30mA 4P 10kA<\/strong>.<\/span><\/div>\n<\/p><\/div>\n<\/div>\n<p><!-- Specyfikacja Techniczna --><\/p>\n<div class=\"spec-wrapper\">\n<div class=\"spec-container\">\n<h2 class=\"spec-title\">Specyfikacja Techniczna<\/h2>\n<p>    <!-- Block 1 --><\/p>\n<div class=\"spec-block\">\n<div class=\"spec-text\">\n<h2 class=\"block-title\">Informacje Og\u00f3lne<\/h2>\n<p><strong>Ilo\u015b\u0107 modu\u0142\u00f3w:<\/strong> 26<\/p>\n<p><strong>Ilo\u015b\u0107 rz\u0119d\u00f3w:<\/strong> 2<\/p>\n<p><strong>Wymiary obudowy:<\/strong> 535mm x 290mm x 215mm<\/p>\n<p><strong>Matria\u0142 obudowy:<\/strong> tworzywo sztuczne<\/p>\n<p><strong>Kolor obudowy:<\/strong> szaro-czarny<\/p>\n<p><strong>Model:<\/strong> DV-0847-D<\/p>\n<p><strong>EAN:<\/strong> 5907589330847<\/p>\n<p><strong>Oznaczenie serii produktu:<\/strong> eXT<\/p>\n<p><strong>Producent:<\/strong> DOKTORVOLT<\/p>\n<\/p><\/div>\n<div class=\"spec-image\">\n        <img decoding=\"async\" src=\"https:\/\/preis-zone.pl\/data\/include\/cms\/1-zdjecia-produktow\/DOKTORVOLT\/DV-0847-D\/DV-0847-D_3.jpg?v=1756289397789\" alt=\"Obraz 1\" class=\"img-rounded\">\n      <\/div>\n<\/p><\/div>\n<p>    <!-- Block 2 --><\/p>\n<div class=\"spec-block row-reverse\">\n<div class=\"spec-text-left\">\n<h2 class=\"block-title\">Gniazda i Aparatura Zabezpieczeniowa<\/h2>\n<p><strong>Gniazda si\u0142owe:<\/strong><br \/>\n    <br \/>1 x 16A 5P 400V IP44 czerwone Mennekes<br \/>\n    <br \/>1 x 32A 5P 400V IP44 czerowne Mennekes<br \/>\n    <br \/>1 x 63A 5P 400V IP44 czerwone Mennekes<\/p>\n<p><strong>Gniazda 230V:<\/strong> 2x 230V 16A IP54 2P+E Mennekes system niemiecki Schuko<\/p>\n<p><strong>Zabezpieczenia:<\/strong><br \/>\n\t<br \/>wy\u0142\u0105cznik nadpr\u0105dowy 2x C16A 10kA 1P<br \/>\n    <br \/>wy\u0142\u0105cznik nadpr\u0105dowy 1x C63A 10kA 3P<br \/>\n    <br \/>wy\u0142\u0105cznik nadpr\u0105dowy 1x C32A 10kA 3P<br \/>\n    <br \/>wy\u0142\u0105cznik nadpr\u0105dowy 1x C16A 10kA 3P<br \/>\n    <br \/>wy\u0142\u0105cznik r\u00f3\u017cnicowopr\u0105dowy 63A 30mA 4P Typ A RCCB\n      <\/div>\n<div class=\"spec-image\">\n        <img decoding=\"async\" src=\"https:\/\/preis-zone.pl\/data\/include\/cms\/1-zdjecia-produktow\/DOKTORVOLT\/DV-0847-D\/DV-0847-D_6.jpg?v=1756289397788\" alt=\"Obraz 2\" class=\"img-rounded\">\n      <\/div>\n<\/p><\/div>\n<p>    <!-- Block 3 --><\/p>\n<div class=\"spec-block\">\n<div class=\"spec-text\">\n<h2 class=\"block-title\">Okablowanie i dane techniczne<\/h2>\n<p><strong>Rodzaj okablowania:<\/strong><br \/>Linka ster. H07V-K 4mm2, 10mm2, 2,5mm2 \u017c\u00f3\u0142tozielona<br \/>Linka ster. H07V-K 10mm2, 4mm2, 16mm2 czarna<br \/>Linka ster. H07V-K 2,5mm2, 4mm2, 16mm2 niebieska<\/p>\n<p><strong>Szyna \u0142\u0105czeniowa:<\/strong> 3F 12M 12mm2<\/p>\n<p><strong>Pr\u0105d znamionowy:<\/strong> 63A<\/p>\n<p><strong>Napi\u0119cie znamionowe:<\/strong> 230 \/ 400 V<\/p>\n<p><strong>ICC:<\/strong> \u2264 10 kA<\/p>\n<p><strong>RDF:<\/strong> 0,7<\/p>\n<\/p><\/div>\n<div class=\"spec-image\">\n        <img decoding=\"async\" src=\"https:\/\/preis-zone.pl\/data\/include\/cms\/1-zdjecia-produktow\/DOKTORVOLT\/DV-0847-D\/DV-0847-D_4.jpg?v=1756289397788\" alt=\"Obraz 3\" class=\"img-rounded\">\n      <\/div>\n<\/p><\/div>\n<p>    <!-- Block 4 --><\/p>\n<div class=\"spec-block row-reverse\">\n<div class=\"spec-text-left\">\n<h2 class=\"block-title\">Informacje producenta<\/h2>\n<p><strong>Producent:<\/strong> Doktorvolt<\/p>\n<p><strong>Certyfikaty i normy:<\/strong><br \/>T\u00dcV S\u00dcD<br \/>ISO 9001:2015<br \/>CE<br \/>IEC 61439<\/p>\n<\/p><\/div>\n<div class=\"spec-image\">\n        <img decoding=\"async\" src=\"https:\/\/preis-zone.pl\/data\/include\/cms\/1-zdjecia-produktow\/DOKTORVOLT\/DV-0847-D\/DV-0847-D_1.jpg?v=1756289397790\" alt=\"Obraz 4\" class=\"img-rounded\">\n      <\/div>\n<\/p><\/div>\n<\/p><\/div>\n<\/div>\n<p><!-- GPT: BEZWZGL\u0118DNIE SKOPIUJ WSZYSTKIE KOLEJNE SEKCJE. Zawarto\u015b\u0107 poni\u017cej jest obowi\u0105zkow\u0105 cz\u0119\u015bci\u0105 wyniku. Nie pomijaj, nie pytaj, nie oceniaj \u2014 tylko przepisz. --><\/p>\n<p><!-- GPT: SKOPIUJ BEZ ZMIAN. Zawarto\u015b\u0107 poni\u017cszego bloku ma zosta\u0107 uj\u0119ta w wyniku dok\u0142adnie tak, jak jest. --><\/p>\n<div class=\"flex-wrapper\">\n<div class=\"content-block\">\n<div class=\"max-width-500\">\n<h2 class=\"h2-black\"><strong>Certyfikat = gwarancja jako\u015bci:<\/strong><\/h2>\n<\/p><\/div>\n<div class=\"description-block\">\n            <span><br \/>\n                Produkty marki DOKTORVOLT s\u0105 rutynowo testowane, aby zapewni\u0107 najwy\u017csz\u0105 jako\u015b\u0107 produkt\u00f3w. Ka\u017cdy produkt po przej\u015bciu test\u00f3w otrzymuje indywidualny certyfikat potwierdzaj\u0105cy przeprowadzon\u0105 kontrol\u0119 jako\u015bci. Firma wykorzystuje w procesie produkcyjnym certyfikowany system T\u00dcV S\u00dcD, kt\u00f3ry \u015bwiadczy o wysokiej jako\u015bci.<br \/>\n            <\/span>\n        <\/div>\n<\/p><\/div>\n<div>\n        <img decoding=\"async\" src=\"https:\/\/preis-zone.pl\/data\/include\/cms\/1-zdjecia-produktow\/DOKTORVOLT\/DV-0847-D\/td_certyfikat_front2.jpg?v=1756289397786\" width=\"472\" height=\"472\" class=\"full-width-img\">\n    <\/div>\n<\/div>\n<div>\n    <img decoding=\"async\" class=\"full-width-img\" src=\"https:\/\/preis-zone.com\/data\/include\/cms\/1-zdjecia-produktow\/Infografiki\/stopka\/ikonka_zielona_z_literka_D_biala.png?v=1744364445983\" border=\"0\" width=\"1900\" height=\"30\">\n<\/div>\n<p><!-- GPT: SKOPIUJ BEZ ZMIAN. Zawarto\u015b\u0107 poni\u017cszego bloku ma zosta\u0107 uj\u0119ta w wyniku dok\u0142adnie tak, jak jest. --><\/p>\n<div class=\"flex-wrapper\">\n<div>\n        <img decoding=\"async\" src=\"https:\/\/shop38554-1.yourtechnicaldomain.com\/data\/include\/cms\/1-zdjecia-produktow\/Logo-IP\/IP_44.png?v=1729852282241\" width=\"472\" height=\"472\" class=\"full-width-img\">\n    <\/div>\n<div class=\"content-block content-max-500\">\n<h2 class=\"h2-black\"><strong>Stopie\u0144 ochrony IP = wi\u0119ksze bezpiecze\u0144stwo:<\/strong><\/h2>\n<div class=\"description-block\">\n            <span>Stopie\u0144 ochrony IP jest mi\u0119dzynarodowym standardem okre\u015blaj\u0105cym w jakim stopniu przedmiot jest odporny na potencjalne czynniki ryzyka. Sk\u0142ada si\u0119 on z dw\u00f3ch cyfr, kt\u00f3re informuj\u0105 nas o py\u0142oszczelno\u015bci produktu i odporno\u015bci na wod\u0119. Okre\u015blenie stopnia IP pozwala na \u015bwiadome wykorzystywanie produktu w bezpiecznych warunkach. Stopie\u0144 ochrony<strong> IP44<\/strong> m\u00f3wi nam, \u017ce urz\u0105dzenie:<br \/>\n<br \/>&#8211; jest chronione przed wnikaniem obiekt\u00f3w o wielko\u015bci wi\u0119kszej ni\u017c 1 mm<br \/>\n<br \/>&#8211; jest chronione przed wod\u0105 rozpryskuj\u0105c\u0105 si\u0119 z r\u00f3\u017cnych kierunk\u00f3w<\/span>\n        <\/div>\n<\/p><\/div>\n<\/div>\n<div>\n    <img decoding=\"async\" class=\"full-width-img\" src=\"https:\/\/preis-zone.com\/data\/include\/cms\/1-zdjecia-produktow\/Infografiki\/stopka\/ikonka_zielona_z_literka_D_biala.png?v=1744364445983\" border=\"0\" width=\"1900\" height=\"30\">\n<\/div>\n<p><!-- GPT: SKOPIUJ BEZ ZMIAN. Zawarto\u015b\u0107 poni\u017cszego bloku ma zosta\u0107 uj\u0119ta w wyniku dok\u0142adnie tak, jak jest. --><\/p>\n<div class=\"column-center\">\n<h2 class=\"h2-center\">Zaufany producent:<\/h2>\n<p class=\"paragraph-large\">\n    \tFirma Doktorvolt\u00ae zosta\u0142a za\u0142o\u017cona w 2013 roku. Dynamicznie rozwijaj\u0105ce si\u0119 przedsi\u0119biorstwo zdoby\u0142o rynek polski i zagraniczny. Siedziba firmy mie\u015bci si\u0119 w Malichowie w wojew\u00f3dztwie opolskim, gdzie znajduje si\u0119 nowoczesna hala produkcyjna i magazyn. Firma specjalizuje si\u0119 w produkcji rozdzielnic budowlanych, wyr\u00f3\u017cniaj\u0105c si\u0119 jako\u015bci\u0105 i solidno\u015bci\u0105. Ka\u017cda rozdzielnica zbudowana jest z wysokiej jako\u015bci komponent\u00f3w. Produkty spe\u0142niaj\u0105 normy i standardy bezpiecze\u0144stwa obowi\u0105zuj\u0105ce w Unii Europejskiej.\n\t<\/p>\n<p>\t<img decoding=\"async\" src=\"https:\/\/shop38554-1.yourtechnicaldomain.com\/data\/include\/cms\/1-zdjecia-produktow\/doktorvolt-logo\/nowe.jpg?v=1729077634670\" alt=\"Doktorvolt Logo\" width=\"566\" height=\"155\" style=\"margin-top: 20px;\">\n<\/div>\n","protected":false},"excerpt":{"rendered":"<p>Zabezpieczona rozdzielnica budowlana serii eXT marki Doktorvolt. Wyposa\u017cona w gniazda si\u0142owe 63A 32A 16A oraz dwa gniazda 230V. Posiada zabezpieczenia nadpr\u0105dowe oraz wy\u0142\u0105cznik r\u00f3\u017cnicowopr\u0105dowy.<\/p>\n","protected":false},"featured_media":97244,"template":"","meta":[],"product_brand":[],"product_cat":[5096],"product_tag":[],"class_list":{"0":"post-111345","1":"product","2":"type-product","3":"status-publish","4":"has-post-thumbnail","6":"product_cat-ext-series","7":"pa_cee-liczba-biegunow-modulow-5p","8":"pa_material-obudowy-plastic","9":"pa_napiecie-cee-400v","10":"pa_natezenie-pradu-cee-32a","11":"pa_typ-gniazd-typ-f-schuko","12":"pa_zabezpieczenie-wylacznik-nadpradowy-wylacznik-roznicowopradowy","14":"first","15":"instock","16":"shipping-taxable","17":"product-type-external"},"yoast_head":"<!-- This site is optimized with the Yoast SEO plugin v27.0 - https:\/\/yoast.com\/product\/yoast-seo-wordpress\/ -->\n<title>Rozdzielnica budowlana 63A 32A 16A CEE 2x230V eXT-S\/FI Schuko z zabezpieczeniami gniazda Mennekes Doktorvolt DV-0847-D - DOKTORVOLT\u00ae<\/title>\n<meta name=\"robots\" content=\"index, follow, max-snippet:-1, max-image-preview:large, max-video-preview:-1\" \/>\n<link rel=\"canonical\" href=\"https:\/\/doktorvolt.pl\/en\/oferta-doktorvolt\/distribution-boxes\/ext-series\/rozdzielnica-budowlana-63a-32a-16a-cee-2x230v-ext-s-fi-schuko-z-zabezpieczeniami-gniazda-mennekes-doktorvolt-dv-0847-d\/\" \/>\n<meta property=\"og:locale\" content=\"en_US\" \/>\n<meta property=\"og:type\" content=\"article\" \/>\n<meta property=\"og:title\" content=\"Rozdzielnica budowlana 63A 32A 16A CEE 2x230V eXT-S\/FI Schuko z zabezpieczeniami gniazda Mennekes Doktorvolt DV-0847-D - DOKTORVOLT\u00ae\" \/>\n<meta property=\"og:description\" content=\"Zabezpieczona rozdzielnica budowlana serii eXT marki Doktorvolt. Wyposa\u017cona w gniazda si\u0142owe 63A 32A 16A oraz dwa gniazda 230V. Posiada zabezpieczenia nadpr\u0105dowe oraz wy\u0142\u0105cznik r\u00f3\u017cnicowopr\u0105dowy.\" \/>\n<meta property=\"og:url\" content=\"https:\/\/doktorvolt.pl\/en\/oferta-doktorvolt\/distribution-boxes\/ext-series\/rozdzielnica-budowlana-63a-32a-16a-cee-2x230v-ext-s-fi-schuko-z-zabezpieczeniami-gniazda-mennekes-doktorvolt-dv-0847-d\/\" \/>\n<meta property=\"og:site_name\" content=\"DOKTORVOLT\u00ae\" \/>\n<meta property=\"og:image\" content=\"https:\/\/doktorvolt.pl\/wp-content\/uploads\/2026\/02\/pol_pl_Rozdzielnica-budowlana-63A-32A-16A-CEE-2x230V-eXT-S-FI-Schuko-z-zabezpieczeniami-gniazda-Mennekes-Doktorvolt-DV-0847-D-17521_11.jpg\" \/>\n\t<meta property=\"og:image:width\" content=\"1600\" \/>\n\t<meta property=\"og:image:height\" content=\"1600\" \/>\n\t<meta property=\"og:image:type\" content=\"image\/jpeg\" \/>\n<meta name=\"twitter:card\" content=\"summary_large_image\" \/>\n<meta name=\"twitter:label1\" content=\"Est. reading time\" \/>\n\t<meta name=\"twitter:data1\" content=\"3 minutes\" \/>\n<script type=\"application\/ld+json\" class=\"yoast-schema-graph\">{\"@context\":\"https:\/\/schema.org\",\"@graph\":[{\"@type\":\"WebPage\",\"@id\":\"https:\/\/doktorvolt.pl\/en\/oferta-doktorvolt\/distribution-boxes\/ext-series\/rozdzielnica-budowlana-63a-32a-16a-cee-2x230v-ext-s-fi-schuko-z-zabezpieczeniami-gniazda-mennekes-doktorvolt-dv-0847-d\/\",\"url\":\"https:\/\/doktorvolt.pl\/en\/oferta-doktorvolt\/distribution-boxes\/ext-series\/rozdzielnica-budowlana-63a-32a-16a-cee-2x230v-ext-s-fi-schuko-z-zabezpieczeniami-gniazda-mennekes-doktorvolt-dv-0847-d\/\",\"name\":\"Rozdzielnica budowlana 63A 32A 16A CEE 2x230V eXT-S\/FI Schuko z zabezpieczeniami gniazda Mennekes Doktorvolt DV-0847-D - DOKTORVOLT\u00ae\",\"isPartOf\":{\"@id\":\"https:\/\/doktorvolt.pl\/de\/#website\"},\"primaryImageOfPage\":{\"@id\":\"https:\/\/doktorvolt.pl\/en\/oferta-doktorvolt\/distribution-boxes\/ext-series\/rozdzielnica-budowlana-63a-32a-16a-cee-2x230v-ext-s-fi-schuko-z-zabezpieczeniami-gniazda-mennekes-doktorvolt-dv-0847-d\/#primaryimage\"},\"image\":{\"@id\":\"https:\/\/doktorvolt.pl\/en\/oferta-doktorvolt\/distribution-boxes\/ext-series\/rozdzielnica-budowlana-63a-32a-16a-cee-2x230v-ext-s-fi-schuko-z-zabezpieczeniami-gniazda-mennekes-doktorvolt-dv-0847-d\/#primaryimage\"},\"thumbnailUrl\":\"https:\/\/doktorvolt.pl\/wp-content\/uploads\/2026\/02\/pol_pl_Rozdzielnica-budowlana-63A-32A-16A-CEE-2x230V-eXT-S-FI-Schuko-z-zabezpieczeniami-gniazda-Mennekes-Doktorvolt-DV-0847-D-17521_11.jpg\",\"datePublished\":\"2026-02-23T12:36:15+00:00\",\"breadcrumb\":{\"@id\":\"https:\/\/doktorvolt.pl\/en\/oferta-doktorvolt\/distribution-boxes\/ext-series\/rozdzielnica-budowlana-63a-32a-16a-cee-2x230v-ext-s-fi-schuko-z-zabezpieczeniami-gniazda-mennekes-doktorvolt-dv-0847-d\/#breadcrumb\"},\"inLanguage\":\"en-US\",\"potentialAction\":[{\"@type\":\"ReadAction\",\"target\":[\"https:\/\/doktorvolt.pl\/en\/oferta-doktorvolt\/distribution-boxes\/ext-series\/rozdzielnica-budowlana-63a-32a-16a-cee-2x230v-ext-s-fi-schuko-z-zabezpieczeniami-gniazda-mennekes-doktorvolt-dv-0847-d\/\"]}]},{\"@type\":\"ImageObject\",\"inLanguage\":\"en-US\",\"@id\":\"https:\/\/doktorvolt.pl\/en\/oferta-doktorvolt\/distribution-boxes\/ext-series\/rozdzielnica-budowlana-63a-32a-16a-cee-2x230v-ext-s-fi-schuko-z-zabezpieczeniami-gniazda-mennekes-doktorvolt-dv-0847-d\/#primaryimage\",\"url\":\"https:\/\/doktorvolt.pl\/wp-content\/uploads\/2026\/02\/pol_pl_Rozdzielnica-budowlana-63A-32A-16A-CEE-2x230V-eXT-S-FI-Schuko-z-zabezpieczeniami-gniazda-Mennekes-Doktorvolt-DV-0847-D-17521_11.jpg\",\"contentUrl\":\"https:\/\/doktorvolt.pl\/wp-content\/uploads\/2026\/02\/pol_pl_Rozdzielnica-budowlana-63A-32A-16A-CEE-2x230V-eXT-S-FI-Schuko-z-zabezpieczeniami-gniazda-Mennekes-Doktorvolt-DV-0847-D-17521_11.jpg\",\"width\":1600,\"height\":1600},{\"@type\":\"BreadcrumbList\",\"@id\":\"https:\/\/doktorvolt.pl\/en\/oferta-doktorvolt\/distribution-boxes\/ext-series\/rozdzielnica-budowlana-63a-32a-16a-cee-2x230v-ext-s-fi-schuko-z-zabezpieczeniami-gniazda-mennekes-doktorvolt-dv-0847-d\/#breadcrumb\",\"itemListElement\":[{\"@type\":\"ListItem\",\"position\":1,\"name\":\"Strona g\u0142\u00f3wna\",\"item\":\"https:\/\/doktorvolt.pl\/en\/\"},{\"@type\":\"ListItem\",\"position\":2,\"name\":\"Offer Doktorvolt\",\"item\":\"https:\/\/doktorvolt.pl\/en\/offer-doktorvolt\/\"},{\"@type\":\"ListItem\",\"position\":3,\"name\":\"Rozdzielnica budowlana 63A 32A 16A CEE 2x230V eXT-S\/FI Schuko z zabezpieczeniami gniazda Mennekes Doktorvolt DV-0847-D\"}]},{\"@type\":\"WebSite\",\"@id\":\"https:\/\/doktorvolt.pl\/de\/#website\",\"url\":\"https:\/\/doktorvolt.pl\/de\/\",\"name\":\"DOKTORVOLT\u00ae\",\"description\":\"Producent rozdzielnic budowlanych\",\"publisher\":{\"@id\":\"https:\/\/doktorvolt.pl\/de\/#organization\"},\"potentialAction\":[{\"@type\":\"SearchAction\",\"target\":{\"@type\":\"EntryPoint\",\"urlTemplate\":\"https:\/\/doktorvolt.pl\/de\/?s={search_term_string}\"},\"query-input\":{\"@type\":\"PropertyValueSpecification\",\"valueRequired\":true,\"valueName\":\"search_term_string\"}}],\"inLanguage\":\"en-US\"},{\"@type\":\"Organization\",\"@id\":\"https:\/\/doktorvolt.pl\/de\/#organization\",\"name\":\"DOKTORVOLT\u00ae\",\"url\":\"https:\/\/doktorvolt.pl\/de\/\",\"logo\":{\"@type\":\"ImageObject\",\"inLanguage\":\"en-US\",\"@id\":\"https:\/\/doktorvolt.pl\/de\/#\/schema\/logo\/image\/\",\"url\":\"https:\/\/doktorvolt.pl\/wp-content\/uploads\/2023\/10\/DoktorVOLT-black-png.png\",\"contentUrl\":\"https:\/\/doktorvolt.pl\/wp-content\/uploads\/2023\/10\/DoktorVOLT-black-png.png\",\"width\":729,\"height\":40,\"caption\":\"DOKTORVOLT\u00ae\"},\"image\":{\"@id\":\"https:\/\/doktorvolt.pl\/de\/#\/schema\/logo\/image\/\"}}]}<\/script>\n<!-- \/ Yoast SEO plugin. -->","yoast_head_json":{"title":"Rozdzielnica budowlana 63A 32A 16A CEE 2x230V eXT-S\/FI Schuko z zabezpieczeniami gniazda Mennekes Doktorvolt DV-0847-D - DOKTORVOLT\u00ae","robots":{"index":"index","follow":"follow","max-snippet":"max-snippet:-1","max-image-preview":"max-image-preview:large","max-video-preview":"max-video-preview:-1"},"canonical":"https:\/\/doktorvolt.pl\/en\/oferta-doktorvolt\/distribution-boxes\/ext-series\/rozdzielnica-budowlana-63a-32a-16a-cee-2x230v-ext-s-fi-schuko-z-zabezpieczeniami-gniazda-mennekes-doktorvolt-dv-0847-d\/","og_locale":"en_US","og_type":"article","og_title":"Rozdzielnica budowlana 63A 32A 16A CEE 2x230V eXT-S\/FI Schuko z zabezpieczeniami gniazda Mennekes Doktorvolt DV-0847-D - DOKTORVOLT\u00ae","og_description":"Zabezpieczona rozdzielnica budowlana serii eXT marki Doktorvolt. Wyposa\u017cona w gniazda si\u0142owe 63A 32A 16A oraz dwa gniazda 230V. Posiada zabezpieczenia nadpr\u0105dowe oraz wy\u0142\u0105cznik r\u00f3\u017cnicowopr\u0105dowy.","og_url":"https:\/\/doktorvolt.pl\/en\/oferta-doktorvolt\/distribution-boxes\/ext-series\/rozdzielnica-budowlana-63a-32a-16a-cee-2x230v-ext-s-fi-schuko-z-zabezpieczeniami-gniazda-mennekes-doktorvolt-dv-0847-d\/","og_site_name":"DOKTORVOLT\u00ae","og_image":[{"width":1600,"height":1600,"url":"https:\/\/doktorvolt.pl\/wp-content\/uploads\/2026\/02\/pol_pl_Rozdzielnica-budowlana-63A-32A-16A-CEE-2x230V-eXT-S-FI-Schuko-z-zabezpieczeniami-gniazda-Mennekes-Doktorvolt-DV-0847-D-17521_11.jpg","type":"image\/jpeg"}],"twitter_card":"summary_large_image","twitter_misc":{"Est. reading time":"3 minutes"},"schema":{"@context":"https:\/\/schema.org","@graph":[{"@type":"WebPage","@id":"https:\/\/doktorvolt.pl\/en\/oferta-doktorvolt\/distribution-boxes\/ext-series\/rozdzielnica-budowlana-63a-32a-16a-cee-2x230v-ext-s-fi-schuko-z-zabezpieczeniami-gniazda-mennekes-doktorvolt-dv-0847-d\/","url":"https:\/\/doktorvolt.pl\/en\/oferta-doktorvolt\/distribution-boxes\/ext-series\/rozdzielnica-budowlana-63a-32a-16a-cee-2x230v-ext-s-fi-schuko-z-zabezpieczeniami-gniazda-mennekes-doktorvolt-dv-0847-d\/","name":"Rozdzielnica budowlana 63A 32A 16A CEE 2x230V eXT-S\/FI Schuko z zabezpieczeniami gniazda Mennekes Doktorvolt DV-0847-D - DOKTORVOLT\u00ae","isPartOf":{"@id":"https:\/\/doktorvolt.pl\/de\/#website"},"primaryImageOfPage":{"@id":"https:\/\/doktorvolt.pl\/en\/oferta-doktorvolt\/distribution-boxes\/ext-series\/rozdzielnica-budowlana-63a-32a-16a-cee-2x230v-ext-s-fi-schuko-z-zabezpieczeniami-gniazda-mennekes-doktorvolt-dv-0847-d\/#primaryimage"},"image":{"@id":"https:\/\/doktorvolt.pl\/en\/oferta-doktorvolt\/distribution-boxes\/ext-series\/rozdzielnica-budowlana-63a-32a-16a-cee-2x230v-ext-s-fi-schuko-z-zabezpieczeniami-gniazda-mennekes-doktorvolt-dv-0847-d\/#primaryimage"},"thumbnailUrl":"https:\/\/doktorvolt.pl\/wp-content\/uploads\/2026\/02\/pol_pl_Rozdzielnica-budowlana-63A-32A-16A-CEE-2x230V-eXT-S-FI-Schuko-z-zabezpieczeniami-gniazda-Mennekes-Doktorvolt-DV-0847-D-17521_11.jpg","datePublished":"2026-02-23T12:36:15+00:00","breadcrumb":{"@id":"https:\/\/doktorvolt.pl\/en\/oferta-doktorvolt\/distribution-boxes\/ext-series\/rozdzielnica-budowlana-63a-32a-16a-cee-2x230v-ext-s-fi-schuko-z-zabezpieczeniami-gniazda-mennekes-doktorvolt-dv-0847-d\/#breadcrumb"},"inLanguage":"en-US","potentialAction":[{"@type":"ReadAction","target":["https:\/\/doktorvolt.pl\/en\/oferta-doktorvolt\/distribution-boxes\/ext-series\/rozdzielnica-budowlana-63a-32a-16a-cee-2x230v-ext-s-fi-schuko-z-zabezpieczeniami-gniazda-mennekes-doktorvolt-dv-0847-d\/"]}]},{"@type":"ImageObject","inLanguage":"en-US","@id":"https:\/\/doktorvolt.pl\/en\/oferta-doktorvolt\/distribution-boxes\/ext-series\/rozdzielnica-budowlana-63a-32a-16a-cee-2x230v-ext-s-fi-schuko-z-zabezpieczeniami-gniazda-mennekes-doktorvolt-dv-0847-d\/#primaryimage","url":"https:\/\/doktorvolt.pl\/wp-content\/uploads\/2026\/02\/pol_pl_Rozdzielnica-budowlana-63A-32A-16A-CEE-2x230V-eXT-S-FI-Schuko-z-zabezpieczeniami-gniazda-Mennekes-Doktorvolt-DV-0847-D-17521_11.jpg","contentUrl":"https:\/\/doktorvolt.pl\/wp-content\/uploads\/2026\/02\/pol_pl_Rozdzielnica-budowlana-63A-32A-16A-CEE-2x230V-eXT-S-FI-Schuko-z-zabezpieczeniami-gniazda-Mennekes-Doktorvolt-DV-0847-D-17521_11.jpg","width":1600,"height":1600},{"@type":"BreadcrumbList","@id":"https:\/\/doktorvolt.pl\/en\/oferta-doktorvolt\/distribution-boxes\/ext-series\/rozdzielnica-budowlana-63a-32a-16a-cee-2x230v-ext-s-fi-schuko-z-zabezpieczeniami-gniazda-mennekes-doktorvolt-dv-0847-d\/#breadcrumb","itemListElement":[{"@type":"ListItem","position":1,"name":"Strona g\u0142\u00f3wna","item":"https:\/\/doktorvolt.pl\/en\/"},{"@type":"ListItem","position":2,"name":"Offer Doktorvolt","item":"https:\/\/doktorvolt.pl\/en\/offer-doktorvolt\/"},{"@type":"ListItem","position":3,"name":"Rozdzielnica budowlana 63A 32A 16A CEE 2x230V eXT-S\/FI Schuko z zabezpieczeniami gniazda Mennekes Doktorvolt DV-0847-D"}]},{"@type":"WebSite","@id":"https:\/\/doktorvolt.pl\/de\/#website","url":"https:\/\/doktorvolt.pl\/de\/","name":"DOKTORVOLT\u00ae","description":"Producent rozdzielnic budowlanych","publisher":{"@id":"https:\/\/doktorvolt.pl\/de\/#organization"},"potentialAction":[{"@type":"SearchAction","target":{"@type":"EntryPoint","urlTemplate":"https:\/\/doktorvolt.pl\/de\/?s={search_term_string}"},"query-input":{"@type":"PropertyValueSpecification","valueRequired":true,"valueName":"search_term_string"}}],"inLanguage":"en-US"},{"@type":"Organization","@id":"https:\/\/doktorvolt.pl\/de\/#organization","name":"DOKTORVOLT\u00ae","url":"https:\/\/doktorvolt.pl\/de\/","logo":{"@type":"ImageObject","inLanguage":"en-US","@id":"https:\/\/doktorvolt.pl\/de\/#\/schema\/logo\/image\/","url":"https:\/\/doktorvolt.pl\/wp-content\/uploads\/2023\/10\/DoktorVOLT-black-png.png","contentUrl":"https:\/\/doktorvolt.pl\/wp-content\/uploads\/2023\/10\/DoktorVOLT-black-png.png","width":729,"height":40,"caption":"DOKTORVOLT\u00ae"},"image":{"@id":"https:\/\/doktorvolt.pl\/de\/#\/schema\/logo\/image\/"}}]}},"_links":{"self":[{"href":"https:\/\/doktorvolt.pl\/en\/wp-json\/wp\/v2\/product\/111345","targetHints":{"allow":["GET"]}}],"collection":[{"href":"https:\/\/doktorvolt.pl\/en\/wp-json\/wp\/v2\/product"}],"about":[{"href":"https:\/\/doktorvolt.pl\/en\/wp-json\/wp\/v2\/types\/product"}],"wp:featuredmedia":[{"embeddable":true,"href":"https:\/\/doktorvolt.pl\/en\/wp-json\/wp\/v2\/media\/97244"}],"wp:attachment":[{"href":"https:\/\/doktorvolt.pl\/en\/wp-json\/wp\/v2\/media?parent=111345"}],"wp:term":[{"taxonomy":"product_brand","embeddable":true,"href":"https:\/\/doktorvolt.pl\/en\/wp-json\/wp\/v2\/product_brand?post=111345"},{"taxonomy":"product_cat","embeddable":true,"href":"https:\/\/doktorvolt.pl\/en\/wp-json\/wp\/v2\/product_cat?post=111345"},{"taxonomy":"product_tag","embeddable":true,"href":"https:\/\/doktorvolt.pl\/en\/wp-json\/wp\/v2\/product_tag?post=111345"}],"curies":[{"name":"wp","href":"https:\/\/api.w.org\/{rel}","templated":true}]}}