{"id":111349,"date":"2026-02-23T14:35:33","date_gmt":"2026-02-23T12:35:33","guid":{"rendered":"https:\/\/doktorvolt.pl\/sklep\/uncategorized\/wylacznik-roznicowopradowy-do-wallboxa-typ-b-e-auto-40a-30ma-4p-ip20-rcd-5576\/"},"modified":"2026-02-23T14:35:33","modified_gmt":"2026-02-23T12:35:33","slug":"wylacznik-roznicowopradowy-do-wallboxa-typ-b-e-auto-40a-30ma-4p-ip20-rcd-5576","status":"publish","type":"product","link":"https:\/\/doktorvolt.pl\/en\/oferta-doktorvolt\/modular-apparatus\/residual-current-devices\/residual-current-circuit-breakers-type-b\/wylacznik-roznicowopradowy-do-wallboxa-typ-b-e-auto-40a-30ma-4p-ip20-rcd-5576\/","title":{"rendered":"Wy\u0142\u0105cznik r\u00f3\u017cnicowopr\u0105dowy do Wallboxa typ B E-Auto 40A 30mA 4P IP20 RCD DV-5576"},"content":{"rendered":"<div class=\"fusion-fullwidth fullwidth-box fusion-builder-row-1 fusion-flex-container nonhundred-percent-fullwidth non-hundred-percent-height-scrolling\" style=\"--awb-border-radius-top-left:0px;--awb-border-radius-top-right:0px;--awb-border-radius-bottom-right:0px;--awb-border-radius-bottom-left:0px;--awb-flex-wrap:wrap;\" ><div class=\"fusion-builder-row fusion-row fusion-flex-align-items-flex-start fusion-flex-content-wrap\" style=\"max-width:1216.8px;margin-left: calc(-4% \/ 2 );margin-right: calc(-4% \/ 2 );\"><div class=\"fusion-layout-column fusion_builder_column fusion-builder-column-0 fusion_builder_column_1_1 1_1 fusion-flex-column\" style=\"--awb-bg-size:cover;--awb-width-large:100%;--awb-margin-top-large:0px;--awb-spacing-right-large:1.92%;--awb-margin-bottom-large:0px;--awb-spacing-left-large:1.92%;--awb-width-medium:100%;--awb-spacing-right-medium:1.92%;--awb-spacing-left-medium:1.92%;--awb-width-small:100%;--awb-spacing-right-small:1.92%;--awb-spacing-left-small:1.92%;\"><div class=\"fusion-column-wrapper fusion-flex-justify-content-flex-start fusion-content-layout-column\"><div class=\"fusion-text fusion-text-1\"><p>Wy\u0142\u0105cznik r\u00f3\u017cnicowopr\u0105dowy do Wallboxa typ B E-Auto 40A 30mA 4P IP20 RCD DV-5576<\/p>\n<\/div><\/div><\/div><\/div><\/div>\n","protected":false},"excerpt":{"rendered":"","protected":false},"featured_media":97188,"template":"","meta":[],"product_brand":[],"product_cat":[5325],"product_tag":[],"class_list":{"0":"post-111349","1":"product","2":"type-product","3":"status-publish","4":"has-post-thumbnail","6":"product_cat-residual-current-circuit-breakers-type-b","7":"pa_liczba-biegunow-4p","8":"pa_prad-roznicowy-30ma","9":"pa_prad-znamionowy-40a","11":"first","12":"instock","13":"shipping-taxable","14":"product-type-external"},"yoast_head":"<!-- This site is optimized with the Yoast SEO plugin v27.0 - https:\/\/yoast.com\/product\/yoast-seo-wordpress\/ -->\n<title>Wy\u0142\u0105cznik r\u00f3\u017cnicowopr\u0105dowy do Wallboxa typ B E-Auto 40A 30mA 4P IP20 RCD DV-5576 - DOKTORVOLT\u00ae<\/title>\n<meta name=\"robots\" content=\"index, follow, max-snippet:-1, max-image-preview:large, max-video-preview:-1\" \/>\n<link rel=\"canonical\" href=\"https:\/\/doktorvolt.pl\/en\/oferta-doktorvolt\/modular-apparatus\/residual-current-devices\/residual-current-circuit-breakers-type-b\/wylacznik-roznicowopradowy-do-wallboxa-typ-b-e-auto-40a-30ma-4p-ip20-rcd-5576\/\" \/>\n<meta property=\"og:locale\" content=\"en_US\" \/>\n<meta property=\"og:type\" content=\"article\" \/>\n<meta property=\"og:title\" content=\"Wy\u0142\u0105cznik r\u00f3\u017cnicowopr\u0105dowy do Wallboxa typ B E-Auto 40A 30mA 4P IP20 RCD DV-5576 - DOKTORVOLT\u00ae\" \/>\n<meta property=\"og:url\" content=\"https:\/\/doktorvolt.pl\/en\/oferta-doktorvolt\/modular-apparatus\/residual-current-devices\/residual-current-circuit-breakers-type-b\/wylacznik-roznicowopradowy-do-wallboxa-typ-b-e-auto-40a-30ma-4p-ip20-rcd-5576\/\" \/>\n<meta property=\"og:site_name\" content=\"DOKTORVOLT\u00ae\" \/>\n<meta property=\"og:image\" content=\"https:\/\/doktorvolt.pl\/wp-content\/uploads\/2026\/02\/pol_pl_15208-15208_1.jpg\" \/>\n\t<meta property=\"og:image:width\" content=\"1000\" \/>\n\t<meta property=\"og:image:height\" content=\"1000\" \/>\n\t<meta property=\"og:image:type\" content=\"image\/jpeg\" \/>\n<meta name=\"twitter:card\" content=\"summary_large_image\" \/>\n<meta name=\"twitter:label1\" content=\"Est. reading time\" \/>\n\t<meta name=\"twitter:data1\" content=\"1 minute\" \/>\n<script type=\"application\/ld+json\" class=\"yoast-schema-graph\">{\"@context\":\"https:\/\/schema.org\",\"@graph\":[{\"@type\":\"WebPage\",\"@id\":\"https:\/\/doktorvolt.pl\/en\/oferta-doktorvolt\/modular-apparatus\/residual-current-devices\/residual-current-circuit-breakers-type-b\/wylacznik-roznicowopradowy-do-wallboxa-typ-b-e-auto-40a-30ma-4p-ip20-rcd-5576\/\",\"url\":\"https:\/\/doktorvolt.pl\/en\/oferta-doktorvolt\/modular-apparatus\/residual-current-devices\/residual-current-circuit-breakers-type-b\/wylacznik-roznicowopradowy-do-wallboxa-typ-b-e-auto-40a-30ma-4p-ip20-rcd-5576\/\",\"name\":\"Wy\u0142\u0105cznik r\u00f3\u017cnicowopr\u0105dowy do Wallboxa typ B E-Auto 40A 30mA 4P IP20 RCD DV-5576 - DOKTORVOLT\u00ae\",\"isPartOf\":{\"@id\":\"https:\/\/doktorvolt.pl\/de\/#website\"},\"primaryImageOfPage\":{\"@id\":\"https:\/\/doktorvolt.pl\/en\/oferta-doktorvolt\/modular-apparatus\/residual-current-devices\/residual-current-circuit-breakers-type-b\/wylacznik-roznicowopradowy-do-wallboxa-typ-b-e-auto-40a-30ma-4p-ip20-rcd-5576\/#primaryimage\"},\"image\":{\"@id\":\"https:\/\/doktorvolt.pl\/en\/oferta-doktorvolt\/modular-apparatus\/residual-current-devices\/residual-current-circuit-breakers-type-b\/wylacznik-roznicowopradowy-do-wallboxa-typ-b-e-auto-40a-30ma-4p-ip20-rcd-5576\/#primaryimage\"},\"thumbnailUrl\":\"https:\/\/doktorvolt.pl\/wp-content\/uploads\/2026\/02\/pol_pl_15208-15208_1.jpg\",\"datePublished\":\"2026-02-23T12:35:33+00:00\",\"breadcrumb\":{\"@id\":\"https:\/\/doktorvolt.pl\/en\/oferta-doktorvolt\/modular-apparatus\/residual-current-devices\/residual-current-circuit-breakers-type-b\/wylacznik-roznicowopradowy-do-wallboxa-typ-b-e-auto-40a-30ma-4p-ip20-rcd-5576\/#breadcrumb\"},\"inLanguage\":\"en-US\",\"potentialAction\":[{\"@type\":\"ReadAction\",\"target\":[\"https:\/\/doktorvolt.pl\/en\/oferta-doktorvolt\/modular-apparatus\/residual-current-devices\/residual-current-circuit-breakers-type-b\/wylacznik-roznicowopradowy-do-wallboxa-typ-b-e-auto-40a-30ma-4p-ip20-rcd-5576\/\"]}]},{\"@type\":\"ImageObject\",\"inLanguage\":\"en-US\",\"@id\":\"https:\/\/doktorvolt.pl\/en\/oferta-doktorvolt\/modular-apparatus\/residual-current-devices\/residual-current-circuit-breakers-type-b\/wylacznik-roznicowopradowy-do-wallboxa-typ-b-e-auto-40a-30ma-4p-ip20-rcd-5576\/#primaryimage\",\"url\":\"https:\/\/doktorvolt.pl\/wp-content\/uploads\/2026\/02\/pol_pl_15208-15208_1.jpg\",\"contentUrl\":\"https:\/\/doktorvolt.pl\/wp-content\/uploads\/2026\/02\/pol_pl_15208-15208_1.jpg\",\"width\":1000,\"height\":1000},{\"@type\":\"BreadcrumbList\",\"@id\":\"https:\/\/doktorvolt.pl\/en\/oferta-doktorvolt\/modular-apparatus\/residual-current-devices\/residual-current-circuit-breakers-type-b\/wylacznik-roznicowopradowy-do-wallboxa-typ-b-e-auto-40a-30ma-4p-ip20-rcd-5576\/#breadcrumb\",\"itemListElement\":[{\"@type\":\"ListItem\",\"position\":1,\"name\":\"Strona g\u0142\u00f3wna\",\"item\":\"https:\/\/doktorvolt.pl\/en\/\"},{\"@type\":\"ListItem\",\"position\":2,\"name\":\"Offer Doktorvolt\",\"item\":\"https:\/\/doktorvolt.pl\/en\/offer-doktorvolt\/\"},{\"@type\":\"ListItem\",\"position\":3,\"name\":\"Wy\u0142\u0105cznik r\u00f3\u017cnicowopr\u0105dowy do Wallboxa typ B E-Auto 40A 30mA 4P IP20 RCD DV-5576\"}]},{\"@type\":\"WebSite\",\"@id\":\"https:\/\/doktorvolt.pl\/de\/#website\",\"url\":\"https:\/\/doktorvolt.pl\/de\/\",\"name\":\"DOKTORVOLT\u00ae\",\"description\":\"Producent rozdzielnic budowlanych\",\"publisher\":{\"@id\":\"https:\/\/doktorvolt.pl\/de\/#organization\"},\"potentialAction\":[{\"@type\":\"SearchAction\",\"target\":{\"@type\":\"EntryPoint\",\"urlTemplate\":\"https:\/\/doktorvolt.pl\/de\/?s={search_term_string}\"},\"query-input\":{\"@type\":\"PropertyValueSpecification\",\"valueRequired\":true,\"valueName\":\"search_term_string\"}}],\"inLanguage\":\"en-US\"},{\"@type\":\"Organization\",\"@id\":\"https:\/\/doktorvolt.pl\/de\/#organization\",\"name\":\"DOKTORVOLT\u00ae\",\"url\":\"https:\/\/doktorvolt.pl\/de\/\",\"logo\":{\"@type\":\"ImageObject\",\"inLanguage\":\"en-US\",\"@id\":\"https:\/\/doktorvolt.pl\/de\/#\/schema\/logo\/image\/\",\"url\":\"https:\/\/doktorvolt.pl\/wp-content\/uploads\/2023\/10\/DoktorVOLT-black-png.png\",\"contentUrl\":\"https:\/\/doktorvolt.pl\/wp-content\/uploads\/2023\/10\/DoktorVOLT-black-png.png\",\"width\":729,\"height\":40,\"caption\":\"DOKTORVOLT\u00ae\"},\"image\":{\"@id\":\"https:\/\/doktorvolt.pl\/de\/#\/schema\/logo\/image\/\"}}]}<\/script>\n<!-- \/ Yoast SEO plugin. -->","yoast_head_json":{"title":"Wy\u0142\u0105cznik r\u00f3\u017cnicowopr\u0105dowy do Wallboxa typ B E-Auto 40A 30mA 4P IP20 RCD DV-5576 - DOKTORVOLT\u00ae","robots":{"index":"index","follow":"follow","max-snippet":"max-snippet:-1","max-image-preview":"max-image-preview:large","max-video-preview":"max-video-preview:-1"},"canonical":"https:\/\/doktorvolt.pl\/en\/oferta-doktorvolt\/modular-apparatus\/residual-current-devices\/residual-current-circuit-breakers-type-b\/wylacznik-roznicowopradowy-do-wallboxa-typ-b-e-auto-40a-30ma-4p-ip20-rcd-5576\/","og_locale":"en_US","og_type":"article","og_title":"Wy\u0142\u0105cznik r\u00f3\u017cnicowopr\u0105dowy do Wallboxa typ B E-Auto 40A 30mA 4P IP20 RCD DV-5576 - DOKTORVOLT\u00ae","og_url":"https:\/\/doktorvolt.pl\/en\/oferta-doktorvolt\/modular-apparatus\/residual-current-devices\/residual-current-circuit-breakers-type-b\/wylacznik-roznicowopradowy-do-wallboxa-typ-b-e-auto-40a-30ma-4p-ip20-rcd-5576\/","og_site_name":"DOKTORVOLT\u00ae","og_image":[{"width":1000,"height":1000,"url":"https:\/\/doktorvolt.pl\/wp-content\/uploads\/2026\/02\/pol_pl_15208-15208_1.jpg","type":"image\/jpeg"}],"twitter_card":"summary_large_image","twitter_misc":{"Est. reading time":"1 minute"},"schema":{"@context":"https:\/\/schema.org","@graph":[{"@type":"WebPage","@id":"https:\/\/doktorvolt.pl\/en\/oferta-doktorvolt\/modular-apparatus\/residual-current-devices\/residual-current-circuit-breakers-type-b\/wylacznik-roznicowopradowy-do-wallboxa-typ-b-e-auto-40a-30ma-4p-ip20-rcd-5576\/","url":"https:\/\/doktorvolt.pl\/en\/oferta-doktorvolt\/modular-apparatus\/residual-current-devices\/residual-current-circuit-breakers-type-b\/wylacznik-roznicowopradowy-do-wallboxa-typ-b-e-auto-40a-30ma-4p-ip20-rcd-5576\/","name":"Wy\u0142\u0105cznik r\u00f3\u017cnicowopr\u0105dowy do Wallboxa typ B E-Auto 40A 30mA 4P IP20 RCD DV-5576 - DOKTORVOLT\u00ae","isPartOf":{"@id":"https:\/\/doktorvolt.pl\/de\/#website"},"primaryImageOfPage":{"@id":"https:\/\/doktorvolt.pl\/en\/oferta-doktorvolt\/modular-apparatus\/residual-current-devices\/residual-current-circuit-breakers-type-b\/wylacznik-roznicowopradowy-do-wallboxa-typ-b-e-auto-40a-30ma-4p-ip20-rcd-5576\/#primaryimage"},"image":{"@id":"https:\/\/doktorvolt.pl\/en\/oferta-doktorvolt\/modular-apparatus\/residual-current-devices\/residual-current-circuit-breakers-type-b\/wylacznik-roznicowopradowy-do-wallboxa-typ-b-e-auto-40a-30ma-4p-ip20-rcd-5576\/#primaryimage"},"thumbnailUrl":"https:\/\/doktorvolt.pl\/wp-content\/uploads\/2026\/02\/pol_pl_15208-15208_1.jpg","datePublished":"2026-02-23T12:35:33+00:00","breadcrumb":{"@id":"https:\/\/doktorvolt.pl\/en\/oferta-doktorvolt\/modular-apparatus\/residual-current-devices\/residual-current-circuit-breakers-type-b\/wylacznik-roznicowopradowy-do-wallboxa-typ-b-e-auto-40a-30ma-4p-ip20-rcd-5576\/#breadcrumb"},"inLanguage":"en-US","potentialAction":[{"@type":"ReadAction","target":["https:\/\/doktorvolt.pl\/en\/oferta-doktorvolt\/modular-apparatus\/residual-current-devices\/residual-current-circuit-breakers-type-b\/wylacznik-roznicowopradowy-do-wallboxa-typ-b-e-auto-40a-30ma-4p-ip20-rcd-5576\/"]}]},{"@type":"ImageObject","inLanguage":"en-US","@id":"https:\/\/doktorvolt.pl\/en\/oferta-doktorvolt\/modular-apparatus\/residual-current-devices\/residual-current-circuit-breakers-type-b\/wylacznik-roznicowopradowy-do-wallboxa-typ-b-e-auto-40a-30ma-4p-ip20-rcd-5576\/#primaryimage","url":"https:\/\/doktorvolt.pl\/wp-content\/uploads\/2026\/02\/pol_pl_15208-15208_1.jpg","contentUrl":"https:\/\/doktorvolt.pl\/wp-content\/uploads\/2026\/02\/pol_pl_15208-15208_1.jpg","width":1000,"height":1000},{"@type":"BreadcrumbList","@id":"https:\/\/doktorvolt.pl\/en\/oferta-doktorvolt\/modular-apparatus\/residual-current-devices\/residual-current-circuit-breakers-type-b\/wylacznik-roznicowopradowy-do-wallboxa-typ-b-e-auto-40a-30ma-4p-ip20-rcd-5576\/#breadcrumb","itemListElement":[{"@type":"ListItem","position":1,"name":"Strona g\u0142\u00f3wna","item":"https:\/\/doktorvolt.pl\/en\/"},{"@type":"ListItem","position":2,"name":"Offer Doktorvolt","item":"https:\/\/doktorvolt.pl\/en\/offer-doktorvolt\/"},{"@type":"ListItem","position":3,"name":"Wy\u0142\u0105cznik r\u00f3\u017cnicowopr\u0105dowy do Wallboxa typ B E-Auto 40A 30mA 4P IP20 RCD DV-5576"}]},{"@type":"WebSite","@id":"https:\/\/doktorvolt.pl\/de\/#website","url":"https:\/\/doktorvolt.pl\/de\/","name":"DOKTORVOLT\u00ae","description":"Producent rozdzielnic budowlanych","publisher":{"@id":"https:\/\/doktorvolt.pl\/de\/#organization"},"potentialAction":[{"@type":"SearchAction","target":{"@type":"EntryPoint","urlTemplate":"https:\/\/doktorvolt.pl\/de\/?s={search_term_string}"},"query-input":{"@type":"PropertyValueSpecification","valueRequired":true,"valueName":"search_term_string"}}],"inLanguage":"en-US"},{"@type":"Organization","@id":"https:\/\/doktorvolt.pl\/de\/#organization","name":"DOKTORVOLT\u00ae","url":"https:\/\/doktorvolt.pl\/de\/","logo":{"@type":"ImageObject","inLanguage":"en-US","@id":"https:\/\/doktorvolt.pl\/de\/#\/schema\/logo\/image\/","url":"https:\/\/doktorvolt.pl\/wp-content\/uploads\/2023\/10\/DoktorVOLT-black-png.png","contentUrl":"https:\/\/doktorvolt.pl\/wp-content\/uploads\/2023\/10\/DoktorVOLT-black-png.png","width":729,"height":40,"caption":"DOKTORVOLT\u00ae"},"image":{"@id":"https:\/\/doktorvolt.pl\/de\/#\/schema\/logo\/image\/"}}]}},"_links":{"self":[{"href":"https:\/\/doktorvolt.pl\/en\/wp-json\/wp\/v2\/product\/111349","targetHints":{"allow":["GET"]}}],"collection":[{"href":"https:\/\/doktorvolt.pl\/en\/wp-json\/wp\/v2\/product"}],"about":[{"href":"https:\/\/doktorvolt.pl\/en\/wp-json\/wp\/v2\/types\/product"}],"wp:featuredmedia":[{"embeddable":true,"href":"https:\/\/doktorvolt.pl\/en\/wp-json\/wp\/v2\/media\/97188"}],"wp:attachment":[{"href":"https:\/\/doktorvolt.pl\/en\/wp-json\/wp\/v2\/media?parent=111349"}],"wp:term":[{"taxonomy":"product_brand","embeddable":true,"href":"https:\/\/doktorvolt.pl\/en\/wp-json\/wp\/v2\/product_brand?post=111349"},{"taxonomy":"product_cat","embeddable":true,"href":"https:\/\/doktorvolt.pl\/en\/wp-json\/wp\/v2\/product_cat?post=111349"},{"taxonomy":"product_tag","embeddable":true,"href":"https:\/\/doktorvolt.pl\/en\/wp-json\/wp\/v2\/product_tag?post=111349"}],"curies":[{"name":"wp","href":"https:\/\/api.w.org\/{rel}","templated":true}]}}